{"id":2102,"date":"2022-02-21T15:08:14","date_gmt":"2022-02-21T15:08:14","guid":{"rendered":"https:\/\/crlivediverse.net\/?page_id=2102"},"modified":"2025-11-04T13:37:18","modified_gmt":"2025-11-04T13:37:18","slug":"news","status":"publish","type":"page","link":"https:\/\/www.crlivediverse.uni-osnabrueck.de\/?page_id=2102","title":{"rendered":"News"},"content":{"rendered":"<section class=\"gutentor-post-module section-0e618c7b-0051-432e-aff9-00dfa8c2235c gutentor-post-module-p1 gutentor_p1_template1 wp-block-gutentor-p1 gutentor-blog-list\" id=\"0e618c7b-0051-432e-aff9-00dfa8c2235c\" data-gbid=\"0e618c7b-0051-432e-aff9-00dfa8c2235c\">\n<div class='grid-container'><div class='grid-row'><article class='gutentor-post'><div class='gutentor-post-item'><div class='gutentor-post-image-box'><div class=\"gutentor-image-thumb\"><img loading=\"lazy\" decoding=\"async\" width=\"1578\" height=\"2560\" src=\"https:\/\/i0.wp.com\/www.crlivediverse.uni-osnabrueck.de\/wp-content\/uploads\/2025\/10\/cover_issue_233_es-scaled.jpg?fit=1578%2C2560&amp;ssl=1\" class=\"attachment-full size-full wp-post-image\" alt=\"\" \/><\/div><\/div><div class=\"gutentor-post-content\"><div class=\"gutentor-post-title-data-wrap\"><h3 class=\"gutentor-post-title\"><a href=\"https:\/\/www.crlivediverse.uni-osnabrueck.de\/?p=2474\" rel=\"bookmark\">Special Issue on Pineapple Production and Sustainability Paradoxes published!<\/a><\/h3><\/div><div class=\"gutentor-entry-meta gutentor-entry-meta-primary\"><div class=\"author vcard\"><i class=\"far fa-user\"><\/i><a href=\"https:\/\/www.crlivediverse.uni-osnabrueck.de\/?p=2474\" rel=\"bookmark\">Dennis Wilke<\/a><\/div><div class=\"posted-on\"><i class=\"far fa-calendar-alt\"><\/i><a href=\"https:\/\/www.crlivediverse.uni-osnabrueck.de\/?p=2474\" rel=\"bookmark\">October 27, 2025<\/a><\/div><div class=\"gutentor-meta-categories\"><i class=\"fas fa-tags\"><\/i><a href=\"https:\/\/www.crlivediverse.uni-osnabrueck.de\/?cat=7\" rel=\"category\">News<\/a><\/div><\/div><div class=\"gutentor-post-desc\">In june 2025, a major outcome of the CRLiveDiverse project was finally published: The special issue &hellip;<\/div><a class=\"gutentor-button gutentor-post-button\" href=\"https:\/\/www.crlivediverse.uni-osnabrueck.de\/?p=2474\"><span>Read More<\/span><\/a><\/div><\/div><\/article><article class='gutentor-post'><div class='gutentor-post-item'><div class='gutentor-post-image-box'><div class=\"gutentor-image-thumb\"><img loading=\"lazy\" decoding=\"async\" width=\"2560\" height=\"1441\" src=\"https:\/\/i0.wp.com\/www.crlivediverse.uni-osnabrueck.de\/wp-content\/uploads\/2025\/02\/delegacion-de-la-UTN-participo-en-escuela-de-invierno-en-alemania-impulsando-el-ecoturismo-y-la-sostenibilidad-internacional-scaled.jpg?fit=2560%2C1441&amp;ssl=1\" class=\"attachment-full size-full wp-post-image\" alt=\"\" \/><\/div><\/div><div class=\"gutentor-post-content\"><div class=\"gutentor-post-title-data-wrap\"><h3 class=\"gutentor-post-title\"><a href=\"https:\/\/www.crlivediverse.uni-osnabrueck.de\/?p=2444\" rel=\"bookmark\">UTN delegation participated in Winter School at UOS, promoting ecotourism and sustainability<\/a><\/h3><\/div><div class=\"gutentor-entry-meta gutentor-entry-meta-primary\"><div class=\"author vcard\"><i class=\"far fa-user\"><\/i><a href=\"https:\/\/www.crlivediverse.uni-osnabrueck.de\/?p=2444\" rel=\"bookmark\">Dennis Wilke<\/a><\/div><div class=\"posted-on\"><i class=\"far fa-calendar-alt\"><\/i><a href=\"https:\/\/www.crlivediverse.uni-osnabrueck.de\/?p=2444\" rel=\"bookmark\">February 5, 2025<\/a><\/div><div class=\"gutentor-meta-categories\"><i class=\"fas fa-tags\"><\/i><a href=\"https:\/\/www.crlivediverse.uni-osnabrueck.de\/?cat=7\" rel=\"category\">News<\/a><\/div><\/div><div class=\"gutentor-post-desc\">From December 3 to 14, 2024, the University of Osnabr\u00fcck (UOS) hosted the winter school entitled \u201cEc&hellip;<\/div><a class=\"gutentor-button gutentor-post-button\" href=\"https:\/\/www.crlivediverse.uni-osnabrueck.de\/?p=2444\"><span>Read More<\/span><\/a><\/div><\/div><\/article><article class='gutentor-post'><div class='gutentor-post-item'><div class='gutentor-post-image-box'><div class=\"gutentor-image-thumb\"><img loading=\"lazy\" decoding=\"async\" width=\"1600\" height=\"1280\" src=\"https:\/\/i0.wp.com\/www.crlivediverse.uni-osnabrueck.de\/wp-content\/uploads\/2025\/02\/WhatsApp-Bild-2025-02-05-um-07.01.45_cd5a1efa.jpg?fit=1600%2C1280&amp;ssl=1\" class=\"attachment-full size-full wp-post-image\" alt=\"\" \/><\/div><\/div><div class=\"gutentor-post-content\"><div class=\"gutentor-post-title-data-wrap\"><h3 class=\"gutentor-post-title\"><a href=\"https:\/\/www.crlivediverse.uni-osnabrueck.de\/?p=2448\" rel=\"bookmark\">Student exchange: My research stay in Costa Rica &#8211; Insights into sustainability and water management<\/a><\/h3><\/div><div class=\"gutentor-entry-meta gutentor-entry-meta-primary\"><div class=\"author vcard\"><i class=\"far fa-user\"><\/i><a href=\"https:\/\/www.crlivediverse.uni-osnabrueck.de\/?p=2448\" rel=\"bookmark\">Dennis Wilke<\/a><\/div><div class=\"posted-on\"><i class=\"far fa-calendar-alt\"><\/i><a href=\"https:\/\/www.crlivediverse.uni-osnabrueck.de\/?p=2448\" rel=\"bookmark\">February 5, 2025<\/a><\/div><div class=\"gutentor-meta-categories\"><i class=\"fas fa-tags\"><\/i><a href=\"https:\/\/www.crlivediverse.uni-osnabrueck.de\/?cat=7\" rel=\"category\">News<\/a><\/div><\/div><div class=\"gutentor-post-desc\">Although Costa Rica is known for environmental conservation policies, there are regionswhere water i&hellip;<\/div><a class=\"gutentor-button gutentor-post-button\" href=\"https:\/\/www.crlivediverse.uni-osnabrueck.de\/?p=2448\"><span>Read More<\/span><\/a><\/div><\/div><\/article><article class='gutentor-post'><div class='gutentor-post-item'><div class='gutentor-post-image-box'><div class=\"gutentor-image-thumb\"><img loading=\"lazy\" decoding=\"async\" width=\"1600\" height=\"1200\" src=\"https:\/\/i0.wp.com\/www.crlivediverse.uni-osnabrueck.de\/wp-content\/uploads\/2024\/11\/WhatsApp-Image-2024-11-04-at-4.59.47-PM.jpeg?fit=1600%2C1200&amp;ssl=1\" class=\"attachment-full size-full wp-post-image\" alt=\"\" \/><\/div><\/div><div class=\"gutentor-post-content\"><div class=\"gutentor-post-title-data-wrap\"><h3 class=\"gutentor-post-title\"><a href=\"https:\/\/www.crlivediverse.uni-osnabrueck.de\/?p=2434\" rel=\"bookmark\">Transformative and participatory research at UTN: visit of Dr. Johannes Halbe to close a course for Costa Rican academics<\/a><\/h3><\/div><div class=\"gutentor-entry-meta gutentor-entry-meta-primary\"><div class=\"author vcard\"><i class=\"far fa-user\"><\/i><a href=\"https:\/\/www.crlivediverse.uni-osnabrueck.de\/?p=2434\" rel=\"bookmark\">Dennis Wilke<\/a><\/div><div class=\"posted-on\"><i class=\"far fa-calendar-alt\"><\/i><a href=\"https:\/\/www.crlivediverse.uni-osnabrueck.de\/?p=2434\" rel=\"bookmark\">November 6, 2024<\/a><\/div><div class=\"gutentor-meta-categories\"><i class=\"fas fa-tags\"><\/i><a href=\"https:\/\/www.crlivediverse.uni-osnabrueck.de\/?cat=7\" rel=\"category\">News<\/a><\/div><\/div><div class=\"gutentor-post-desc\">Dr. Johannes Halbe, professor at the Institute of Geography and the Institute for Research in Enviro&hellip;<\/div><a class=\"gutentor-button gutentor-post-button\" href=\"https:\/\/www.crlivediverse.uni-osnabrueck.de\/?p=2434\"><span>Read More<\/span><\/a><\/div><\/div><\/article><article class='gutentor-post'><div class='gutentor-post-item'><div class='gutentor-post-image-box'><div class=\"gutentor-image-thumb\"><img loading=\"lazy\" decoding=\"async\" width=\"1490\" height=\"1100\" src=\"https:\/\/i0.wp.com\/www.crlivediverse.uni-osnabrueck.de\/wp-content\/uploads\/2024\/05\/434538584_392786320212685_1567585266725572591_n1-e1715096590489.jpg?fit=1490%2C1100&amp;ssl=1\" class=\"attachment-full size-full wp-post-image\" alt=\"\" \/><\/div><\/div><div class=\"gutentor-post-content\"><div class=\"gutentor-post-title-data-wrap\"><h3 class=\"gutentor-post-title\"><a href=\"https:\/\/www.crlivediverse.uni-osnabrueck.de\/?p=2408\" rel=\"bookmark\">Research stay: Ph.D. candidate from the UOS visits Costa Rica for research project<\/a><\/h3><\/div><div class=\"gutentor-entry-meta gutentor-entry-meta-primary\"><div class=\"author vcard\"><i class=\"far fa-user\"><\/i><a href=\"https:\/\/www.crlivediverse.uni-osnabrueck.de\/?p=2408\" rel=\"bookmark\">Dennis Wilke<\/a><\/div><div class=\"posted-on\"><i class=\"far fa-calendar-alt\"><\/i><a href=\"https:\/\/www.crlivediverse.uni-osnabrueck.de\/?p=2408\" rel=\"bookmark\">May 7, 2024<\/a><\/div><div class=\"gutentor-meta-categories\"><i class=\"fas fa-tags\"><\/i><a href=\"https:\/\/www.crlivediverse.uni-osnabrueck.de\/?cat=7\" rel=\"category\">News<\/a><\/div><\/div><div class=\"gutentor-post-desc\">Between October and December 2023, Dennis Wilke, a doctoral student at the Institute of Geography an&hellip;<\/div><a class=\"gutentor-button gutentor-post-button\" href=\"https:\/\/www.crlivediverse.uni-osnabrueck.de\/?p=2408\"><span>Read More<\/span><\/a><\/div><\/div><\/article><article class='gutentor-post'><div class='gutentor-post-item'><div class='gutentor-post-image-box'><div class=\"gutentor-image-thumb\"><img loading=\"lazy\" decoding=\"async\" width=\"2048\" height=\"1536\" src=\"https:\/\/i0.wp.com\/www.crlivediverse.uni-osnabrueck.de\/wp-content\/uploads\/2024\/01\/WhatsApp-Bild-2024-01-30-um-15.54.27_3ca93f19.jpg?fit=2048%2C1536&amp;ssl=1\" class=\"attachment-full size-full wp-post-image\" alt=\"\" \/><\/div><\/div><div class=\"gutentor-post-content\"><div class=\"gutentor-post-title-data-wrap\"><h3 class=\"gutentor-post-title\"><a href=\"https:\/\/www.crlivediverse.uni-osnabrueck.de\/?p=2395\" rel=\"bookmark\">Student exchange: Bachelor&#8217;s student of the UOS visits Costa Rica for research project<\/a><\/h3><\/div><div class=\"gutentor-entry-meta gutentor-entry-meta-primary\"><div class=\"author vcard\"><i class=\"far fa-user\"><\/i><a href=\"https:\/\/www.crlivediverse.uni-osnabrueck.de\/?p=2395\" rel=\"bookmark\">Dennis Wilke<\/a><\/div><div class=\"posted-on\"><i class=\"far fa-calendar-alt\"><\/i><a href=\"https:\/\/www.crlivediverse.uni-osnabrueck.de\/?p=2395\" rel=\"bookmark\">January 30, 2024<\/a><\/div><div class=\"gutentor-meta-categories\"><i class=\"fas fa-tags\"><\/i><a href=\"https:\/\/www.crlivediverse.uni-osnabrueck.de\/?cat=7\" rel=\"category\">News<\/a><\/div><\/div><div class=\"gutentor-post-desc\">Marijke Kalinowski is studying Environmental System Science at Osnabr\u00fcck University (UOS). For her b&hellip;<\/div><a class=\"gutentor-button gutentor-post-button\" href=\"https:\/\/www.crlivediverse.uni-osnabrueck.de\/?p=2395\"><span>Read More<\/span><\/a><\/div><\/div><\/article><article class='gutentor-post'><div class='gutentor-post-item'><div class='gutentor-post-image-box'><div class=\"gutentor-image-thumb\"><img loading=\"lazy\" decoding=\"async\" width=\"2560\" height=\"1707\" src=\"https:\/\/i0.wp.com\/www.crlivediverse.uni-osnabrueck.de\/wp-content\/uploads\/2023\/12\/Jovenes_Dirigiendo_2019_Teatro_Universitario_Universidad_de_Costa_Rica-scaled.jpg?fit=2560%2C1707&amp;ssl=1\" class=\"attachment-full size-full wp-post-image\" alt=\"\" \/><\/div><\/div><div class=\"gutentor-post-content\"><div class=\"gutentor-post-title-data-wrap\"><h3 class=\"gutentor-post-title\"><a href=\"https:\/\/www.crlivediverse.uni-osnabrueck.de\/?p=2358\" rel=\"bookmark\">PI\u00d1A by Adri\u00e1n Jim\u00e9nez Brais published in Repertorio Americano<\/a><\/h3><\/div><div class=\"gutentor-entry-meta gutentor-entry-meta-primary\"><div class=\"author vcard\"><i class=\"far fa-user\"><\/i><a href=\"https:\/\/www.crlivediverse.uni-osnabrueck.de\/?p=2358\" rel=\"bookmark\">Karoline S.<\/a><\/div><div class=\"posted-on\"><i class=\"far fa-calendar-alt\"><\/i><a href=\"https:\/\/www.crlivediverse.uni-osnabrueck.de\/?p=2358\" rel=\"bookmark\">December 1, 2023<\/a><\/div><div class=\"gutentor-meta-categories\"><i class=\"fas fa-tags\"><\/i><a href=\"https:\/\/www.crlivediverse.uni-osnabrueck.de\/?cat=7\" rel=\"category\">News<\/a><\/div><\/div><div class=\"gutentor-post-desc\">The play PI\u00d1A, written and directed by Adri\u00e1n Jim\u00e9nez Brais, premiered in 2019 at the Universidad de&hellip;<\/div><a class=\"gutentor-button gutentor-post-button\" href=\"https:\/\/www.crlivediverse.uni-osnabrueck.de\/?p=2358\"><span>Read More<\/span><\/a><\/div><\/div><\/article><article class='gutentor-post'><div class='gutentor-post-item'><div class='gutentor-post-image-box'><div class=\"gutentor-image-thumb\"><img loading=\"lazy\" decoding=\"async\" width=\"2560\" height=\"1707\" src=\"https:\/\/i0.wp.com\/www.crlivediverse.uni-osnabrueck.de\/wp-content\/uploads\/2023\/11\/UOS_Besuch_CR_Jens-Raddatz-1-scaled.jpg?fit=2560%2C1707&amp;ssl=1\" class=\"attachment-full size-full wp-post-image\" alt=\"\" \/><\/div><\/div><div class=\"gutentor-post-content\"><div class=\"gutentor-post-title-data-wrap\"><h3 class=\"gutentor-post-title\"><a href=\"https:\/\/www.crlivediverse.uni-osnabrueck.de\/?p=2329\" rel=\"bookmark\">Colloquium \u201cInsights into biodiversity management in Germany and comparison with Costa Rica\u201d at the UOS<\/a><\/h3><\/div><div class=\"gutentor-entry-meta gutentor-entry-meta-primary\"><div class=\"author vcard\"><i class=\"far fa-user\"><\/i><a href=\"https:\/\/www.crlivediverse.uni-osnabrueck.de\/?p=2329\" rel=\"bookmark\">Karoline S.<\/a><\/div><div class=\"posted-on\"><i class=\"far fa-calendar-alt\"><\/i><a href=\"https:\/\/www.crlivediverse.uni-osnabrueck.de\/?p=2329\" rel=\"bookmark\">November 27, 2023<\/a><\/div><div class=\"gutentor-meta-categories\"><i class=\"fas fa-tags\"><\/i><a href=\"https:\/\/www.crlivediverse.uni-osnabrueck.de\/?cat=7\" rel=\"category\">News<\/a><\/div><\/div><div class=\"gutentor-post-desc\">From October 27 to November 03, 2023, the colloquium &#8220;Insights into biodiversity management in Germa&hellip;<\/div><a class=\"gutentor-button gutentor-post-button\" href=\"https:\/\/www.crlivediverse.uni-osnabrueck.de\/?p=2329\"><span>Read More<\/span><\/a><\/div><\/div><\/article><article class='gutentor-post'><div class='gutentor-post-item'><div class='gutentor-post-image-box'><div class=\"gutentor-image-thumb\"><img loading=\"lazy\" decoding=\"async\" width=\"2560\" height=\"1621\" src=\"https:\/\/i0.wp.com\/www.crlivediverse.uni-osnabrueck.de\/wp-content\/uploads\/2023\/11\/20231006_141010-scaled-e1700661268623.jpg?fit=2560%2C1621&amp;ssl=1\" class=\"attachment-full size-full wp-post-image\" alt=\"\" \/><\/div><\/div><div class=\"gutentor-post-content\"><div class=\"gutentor-post-title-data-wrap\"><h3 class=\"gutentor-post-title\"><a href=\"https:\/\/www.crlivediverse.uni-osnabrueck.de\/?p=2300\" rel=\"bookmark\">Student exchange: Students of the UTN visit the UOS<\/a><\/h3><\/div><div class=\"gutentor-entry-meta gutentor-entry-meta-primary\"><div class=\"author vcard\"><i class=\"far fa-user\"><\/i><a href=\"https:\/\/www.crlivediverse.uni-osnabrueck.de\/?p=2300\" rel=\"bookmark\">Karoline S.<\/a><\/div><div class=\"posted-on\"><i class=\"far fa-calendar-alt\"><\/i><a href=\"https:\/\/www.crlivediverse.uni-osnabrueck.de\/?p=2300\" rel=\"bookmark\">November 20, 2023<\/a><\/div><div class=\"gutentor-meta-categories\"><i class=\"fas fa-tags\"><\/i><a href=\"https:\/\/www.crlivediverse.uni-osnabrueck.de\/?cat=7\" rel=\"category\">News<\/a><\/div><\/div><div class=\"gutentor-post-desc\">As part of the project Transformative research and capacity building to protect livelihoods and biod&hellip;<\/div><a class=\"gutentor-button gutentor-post-button\" href=\"https:\/\/www.crlivediverse.uni-osnabrueck.de\/?p=2300\"><span>Read More<\/span><\/a><\/div><\/div><\/article><article class='gutentor-post'><div class='gutentor-post-item'><div class='gutentor-post-image-box'><div class=\"gutentor-image-thumb\"><img loading=\"lazy\" decoding=\"async\" width=\"1843\" height=\"1152\" src=\"https:\/\/i0.wp.com\/www.crlivediverse.uni-osnabrueck.de\/wp-content\/uploads\/2023\/07\/Ortland_CR-scaled-e1691010759652.jpg?fit=1843%2C1152&amp;ssl=1\" class=\"attachment-full size-full wp-post-image\" alt=\"\" \/><\/div><\/div><div class=\"gutentor-post-content\"><div class=\"gutentor-post-title-data-wrap\"><h3 class=\"gutentor-post-title\"><a href=\"https:\/\/www.crlivediverse.uni-osnabrueck.de\/?p=2292\" rel=\"bookmark\">Student exchange: Master&#8217;s student of the UOS visits Costa Rica for research project<\/a><\/h3><\/div><div class=\"gutentor-entry-meta gutentor-entry-meta-primary\"><div class=\"author vcard\"><i class=\"far fa-user\"><\/i><a href=\"https:\/\/www.crlivediverse.uni-osnabrueck.de\/?p=2292\" rel=\"bookmark\">Karoline S.<\/a><\/div><div class=\"posted-on\"><i class=\"far fa-calendar-alt\"><\/i><a href=\"https:\/\/www.crlivediverse.uni-osnabrueck.de\/?p=2292\" rel=\"bookmark\">July 30, 2023<\/a><\/div><div class=\"gutentor-meta-categories\"><i class=\"fas fa-tags\"><\/i><a href=\"https:\/\/www.crlivediverse.uni-osnabrueck.de\/?cat=7\" rel=\"category\">News<\/a><\/div><\/div><div class=\"gutentor-post-desc\">Michel Ortland studies Economic and Social Geography at Osnabr\u00fcck University (UOS). As part of his m&hellip;<\/div><a class=\"gutentor-button gutentor-post-button\" href=\"https:\/\/www.crlivediverse.uni-osnabrueck.de\/?p=2292\"><span>Read More<\/span><\/a><\/div><\/div><\/article><\/div><\/div><\/section>","protected":false},"excerpt":{"rendered":"","protected":false},"author":3,"featured_media":0,"parent":0,"menu_order":0,"comment_status":"closed","ping_status":"closed","template":"","meta":{"nf_dc_page":"","om_disable_all_campaigns":false,"_uag_custom_page_level_css":"","site-sidebar-layout":"default","site-content-layout":"","ast-site-content-layout":"default","site-content-style":"default","site-sidebar-style":"default","ast-global-header-display":"","ast-banner-title-visibility":"","ast-main-header-display":"","ast-hfb-above-header-display":"","ast-hfb-below-header-display":"","ast-hfb-mobile-header-display":"","site-post-title":"","ast-breadcrumbs-content":"","ast-featured-img":"","footer-sml-layout":"","ast-disable-related-posts":"","theme-transparent-header-meta":"","adv-header-id-meta":"","stick-header-meta":"","header-above-stick-meta":"","header-main-stick-meta":"","header-below-stick-meta":"","astra-migrate-meta-layouts":"default","ast-page-background-enabled":"default","ast-page-background-meta":{"desktop":{"background-color":"","background-image":"","background-repeat":"repeat","background-position":"center center","background-size":"auto","background-attachment":"scroll","background-type":"","background-media":"","overlay-type":"","overlay-color":"","overlay-opacity":"","overlay-gradient":""},"tablet":{"background-color":"","background-image":"","background-repeat":"repeat","background-position":"center center","background-size":"auto","background-attachment":"scroll","background-type":"","background-media":"","overlay-type":"","overlay-color":"","overlay-opacity":"","overlay-gradient":""},"mobile":{"background-color":"","background-image":"","background-repeat":"repeat","background-position":"center center","background-size":"auto","background-attachment":"scroll","background-type":"","background-media":"","overlay-type":"","overlay-color":"","overlay-opacity":"","overlay-gradient":""}},"ast-content-background-meta":{"desktop":{"background-color":"var(--ast-global-color-5)","background-image":"","background-repeat":"repeat","background-position":"center center","background-size":"auto","background-attachment":"scroll","background-type":"","background-media":"","overlay-type":"","overlay-color":"","overlay-opacity":"","overlay-gradient":""},"tablet":{"background-color":"var(--ast-global-color-5)","background-image":"","background-repeat":"repeat","background-position":"center center","background-size":"auto","background-attachment":"scroll","background-type":"","background-media":"","overlay-type":"","overlay-color":"","overlay-opacity":"","overlay-gradient":""},"mobile":{"background-color":"var(--ast-global-color-5)","background-image":"","background-repeat":"repeat","background-position":"center center","background-size":"auto","background-attachment":"scroll","background-type":"","background-media":"","overlay-type":"","overlay-color":"","overlay-opacity":"","overlay-gradient":""}},"footnotes":""},"class_list":["post-2102","page","type-page","status-publish","hentry"],"aioseo_notices":[],"uagb_featured_image_src":{"full":false,"thumbnail":false,"medium":false,"medium_large":false,"large":false,"1536x1536":false,"2048x2048":false},"uagb_author_info":{"display_name":"Johanna","author_link":"https:\/\/www.crlivediverse.uni-osnabrueck.de\/?author=3"},"uagb_comment_info":0,"uagb_excerpt":null,"jetpack_sharing_enabled":true,"_links":{"self":[{"href":"https:\/\/www.crlivediverse.uni-osnabrueck.de\/index.php?rest_route=\/wp\/v2\/pages\/2102","targetHints":{"allow":["GET"]}}],"collection":[{"href":"https:\/\/www.crlivediverse.uni-osnabrueck.de\/index.php?rest_route=\/wp\/v2\/pages"}],"about":[{"href":"https:\/\/www.crlivediverse.uni-osnabrueck.de\/index.php?rest_route=\/wp\/v2\/types\/page"}],"author":[{"embeddable":true,"href":"https:\/\/www.crlivediverse.uni-osnabrueck.de\/index.php?rest_route=\/wp\/v2\/users\/3"}],"replies":[{"embeddable":true,"href":"https:\/\/www.crlivediverse.uni-osnabrueck.de\/index.php?rest_route=%2Fwp%2Fv2%2Fcomments&post=2102"}],"version-history":[{"count":4,"href":"https:\/\/www.crlivediverse.uni-osnabrueck.de\/index.php?rest_route=\/wp\/v2\/pages\/2102\/revisions"}],"predecessor-version":[{"id":2485,"href":"https:\/\/www.crlivediverse.uni-osnabrueck.de\/index.php?rest_route=\/wp\/v2\/pages\/2102\/revisions\/2485"}],"wp:attachment":[{"href":"https:\/\/www.crlivediverse.uni-osnabrueck.de\/index.php?rest_route=%2Fwp%2Fv2%2Fmedia&parent=2102"}],"curies":[{"name":"wp","href":"https:\/\/api.w.org\/{rel}","templated":true}]}}